{"id":285,"date":"2024-02-28T15:06:57","date_gmt":"2024-02-28T18:06:57","guid":{"rendered":"https:\/\/curalivre.com.br\/?page_id=285"},"modified":"2025-09-23T11:00:37","modified_gmt":"2025-09-23T14:00:37","slug":"medicina-chinesa","status":"publish","type":"page","link":"https:\/\/curalivre.com.br\/?page_id=285","title":{"rendered":"Medicina Chinesa"},"content":{"rendered":"\n<div class=\"wp-block-group alignfull has-contrast-color has-text-color has-link-color wp-elements-67f84f82be36eeb39a9fd1d98b705b22 has-global-padding is-layout-constrained wp-container-core-group-is-layout-23b1a4dc wp-block-group-is-layout-constrained\" style=\"padding-top:var(--wp--preset--spacing--30);padding-right:var(--wp--preset--spacing--30);padding-bottom:var(--wp--preset--spacing--30);padding-left:var(--wp--preset--spacing--30)\">\n<div class=\"wp-block-group alignwide is-content-justification-space-between is-layout-flex wp-container-core-group-is-layout-b585a4aa wp-block-group-is-layout-flex\">\n<div class=\"wp-block-group is-layout-flex wp-container-core-group-is-layout-7a92790e wp-block-group-is-layout-flex\"><div class=\"is-default-size wp-block-site-logo\"><a href=\"https:\/\/curalivre.com.br\/\" class=\"custom-logo-link\" rel=\"home\"><img loading=\"lazy\" decoding=\"async\" width=\"1216\" height=\"1218\" src=\"https:\/\/curalivre.com.br\/wp-content\/uploads\/2025\/08\/Adesivo-10x10-Cura-Livre-4.jpg\" class=\"custom-logo\" alt=\"Helena Sa Motta\" srcset=\"https:\/\/curalivre.com.br\/wp-content\/uploads\/2025\/08\/Adesivo-10x10-Cura-Livre-4.jpg 1216w, https:\/\/curalivre.com.br\/wp-content\/uploads\/2025\/08\/Adesivo-10x10-Cura-Livre-4-300x300.jpg 300w, https:\/\/curalivre.com.br\/wp-content\/uploads\/2025\/08\/Adesivo-10x10-Cura-Livre-4-1022x1024.jpg 1022w, https:\/\/curalivre.com.br\/wp-content\/uploads\/2025\/08\/Adesivo-10x10-Cura-Livre-4-150x150.jpg 150w, https:\/\/curalivre.com.br\/wp-content\/uploads\/2025\/08\/Adesivo-10x10-Cura-Livre-4-768x769.jpg 768w\" sizes=\"auto, (max-width: 1216px) 100vw, 1216px\" \/><\/a><\/div>\n\n\n<div class=\"wp-block-group is-vertical is-layout-flex wp-container-core-group-is-layout-30a70405 wp-block-group-is-layout-flex\"><h1 class=\"has-link-color wp-elements-d6202aa7d337f2ce08aedc8ed261a84e wp-block-site-title\"><a href=\"https:\/\/curalivre.com.br\" target=\"_self\" rel=\"home\">Helena Sa Motta<\/a><\/h1>\n\n<p class=\"wp-block-site-tagline has-small-font-size\">\u4e2d\u533b &#8211; Acupuntura e Fitoterapia Chinesa <\/p><\/div>\n<\/div>\n\n\n<nav class=\"has-small-font-size is-responsive items-justified-right wp-block-navigation is-content-justification-right is-layout-flex wp-container-core-navigation-is-layout-f665d2b5 wp-block-navigation-is-layout-flex\" aria-label=\"Navega\u00e7\u00e3o\" \n\t\t data-wp-interactive=\"core\/navigation\" data-wp-context='{\"overlayOpenedBy\":{\"click\":false,\"hover\":false,\"focus\":false},\"type\":\"overlay\",\"roleAttribute\":\"\",\"ariaLabel\":\"Menu\"}'><button aria-haspopup=\"dialog\" aria-label=\"Abrir menu\" class=\"wp-block-navigation__responsive-container-open\" \n\t\t\t\tdata-wp-on-async--click=\"actions.openMenuOnClick\"\n\t\t\t\tdata-wp-on--keydown=\"actions.handleMenuKeydown\"\n\t\t\t><svg width=\"24\" height=\"24\" xmlns=\"http:\/\/www.w3.org\/2000\/svg\" viewBox=\"0 0 24 24\" aria-hidden=\"true\" focusable=\"false\"><rect x=\"4\" y=\"7.5\" width=\"16\" height=\"1.5\" \/><rect x=\"4\" y=\"15\" width=\"16\" height=\"1.5\" \/><\/svg><\/button>\n\t\t\t\t<div class=\"wp-block-navigation__responsive-container\"  id=\"modal-1\" \n\t\t\t\tdata-wp-class--has-modal-open=\"state.isMenuOpen\"\n\t\t\t\tdata-wp-class--is-menu-open=\"state.isMenuOpen\"\n\t\t\t\tdata-wp-watch=\"callbacks.initMenu\"\n\t\t\t\tdata-wp-on--keydown=\"actions.handleMenuKeydown\"\n\t\t\t\tdata-wp-on-async--focusout=\"actions.handleMenuFocusout\"\n\t\t\t\ttabindex=\"-1\"\n\t\t\t>\n\t\t\t\t\t<div class=\"wp-block-navigation__responsive-close\" tabindex=\"-1\">\n\t\t\t\t\t\t<div class=\"wp-block-navigation__responsive-dialog\" \n\t\t\t\tdata-wp-bind--aria-modal=\"state.ariaModal\"\n\t\t\t\tdata-wp-bind--aria-label=\"state.ariaLabel\"\n\t\t\t\tdata-wp-bind--role=\"state.roleAttribute\"\n\t\t\t>\n\t\t\t\t\t\t\t<button aria-label=\"Fechar menu\" class=\"wp-block-navigation__responsive-container-close\" \n\t\t\t\tdata-wp-on-async--click=\"actions.closeMenuOnClick\"\n\t\t\t><svg xmlns=\"http:\/\/www.w3.org\/2000\/svg\" viewBox=\"0 0 24 24\" width=\"24\" height=\"24\" aria-hidden=\"true\" focusable=\"false\"><path d=\"m13.06 12 6.47-6.47-1.06-1.06L12 10.94 5.53 4.47 4.47 5.53 10.94 12l-6.47 6.47 1.06 1.06L12 13.06l6.47 6.47 1.06-1.06L13.06 12Z\"><\/path><\/svg><\/button>\n\t\t\t\t\t\t\t<div class=\"wp-block-navigation__responsive-container-content\" \n\t\t\t\tdata-wp-watch=\"callbacks.focusFirstElement\"\n\t\t\t id=\"modal-1-content\">\n\t\t\t\t\t\t\t\t<ul class=\"wp-block-navigation__container has-small-font-size is-responsive items-justified-right wp-block-navigation has-small-font-size\"><li class=\"has-small-font-size wp-block-navigation-item wp-block-navigation-link\"><a class=\"wp-block-navigation-item__content\"  href=\"https:\/\/curalivre.com.br\/?page_id=279\"><span class=\"wp-block-navigation-item__label\">Sobre Mim<\/span><\/a><\/li><li class=\"has-small-font-size wp-block-navigation-item wp-block-navigation-link\"><a class=\"wp-block-navigation-item__content\"  href=\"https:\/\/curalivre.com.br\/?page_id=271\"><span class=\"wp-block-navigation-item__label\">Consultas<\/span><\/a><\/li><li class=\"has-small-font-size wp-block-navigation-item wp-block-navigation-link\"><a class=\"wp-block-navigation-item__content\"  href=\"https:\/\/curalivre.com.br\/?page_id=285\"><span class=\"wp-block-navigation-item__label\">Medicina Chinesa<\/span><\/a><\/li><\/ul>\n\t\t\t\t\t\t\t<\/div>\n\t\t\t\t\t\t<\/div>\n\t\t\t\t\t<\/div>\n\t\t\t\t<\/div><\/nav><\/div>\n<\/div>\n\n\n\n<h2 class=\"wp-block-heading has-contrast-color has-text-color\">Medicina Chinesa<\/h2>\n\n\n\n<p>A Medicina Chinesa \u00e9 uma ci\u00eancia ancestral reconhecida pela Organiza\u00e7\u00e3o Mundial de Sa\u00fade, e se baseia na filosofia Tao\u00edsta, que busca o caminho para uma vida prazerosa em harmonia com as for\u00e7as da natureza. <strong>Todas as pessoas em qualquer idade ou fase da vida podem se beneficiar de um acompanhamento nesta medicina.<\/strong><br><br>O terapeuta em Medicina Chinesa entende o sintoma e a doen\u00e7a como partes de um padr\u00e3o de desequil\u00edbrio e enxerga o indiv\u00edduo em sua totalidade e em sua particularidade. O diagn\u00f3stico em Medicina Chinesa tradicionalmente se baseia na observa\u00e7\u00e3o, no interrogat\u00f3rio, na palpa\u00e7\u00e3o e na olfa\u00e7\u00e3o.<\/p>\n\n\n\n<figure class=\"wp-block-image size-large is-resized\"><img loading=\"lazy\" decoding=\"async\" width=\"1024\" height=\"937\" src=\"https:\/\/curalivre.com.br\/wp-content\/uploads\/2025\/09\/medicina_chinesa-1024x937.jpg\" alt=\"\" class=\"wp-image-374\" style=\"width:553px;height:auto\" srcset=\"https:\/\/curalivre.com.br\/wp-content\/uploads\/2025\/09\/medicina_chinesa-1024x937.jpg 1024w, https:\/\/curalivre.com.br\/wp-content\/uploads\/2025\/09\/medicina_chinesa-300x275.jpg 300w, https:\/\/curalivre.com.br\/wp-content\/uploads\/2025\/09\/medicina_chinesa-768x703.jpg 768w, https:\/\/curalivre.com.br\/wp-content\/uploads\/2025\/09\/medicina_chinesa-1536x1405.jpg 1536w, https:\/\/curalivre.com.br\/wp-content\/uploads\/2025\/09\/medicina_chinesa-2048x1874.jpg 2048w\" sizes=\"auto, (max-width: 1024px) 100vw, 1024px\" \/><\/figure>\n\n\n\n<p>O tratamento consiste em promover o reequil\u00edbrio resolvendo a um s\u00f3 tempo sintomas emocionais e f\u00edsicos, promovendo bem estar e atuando na preven\u00e7\u00e3o de doen\u00e7as. <br><br>Para isso, lan\u00e7amos m\u00e3o das plantas medicinais, reunidas em F\u00f3rmulas Magistrais, das agulhas de Acupuntura, do moxabust\u00e3o e tamb\u00e9m de revis\u00f5es de h\u00e1bitos alimentares e de vida potencialmente agravadores do padr\u00e3o de desequil\u00edbrio.<\/p>\n\n\n\n<figure class=\"wp-block-image size-large\"><img loading=\"lazy\" decoding=\"async\" width=\"1024\" height=\"683\" src=\"https:\/\/curalivre.com.br\/wp-content\/uploads\/2025\/08\/bai-he-gu-jin-tang-1024x683.jpg\" alt=\"\" class=\"wp-image-311\" srcset=\"https:\/\/curalivre.com.br\/wp-content\/uploads\/2025\/08\/bai-he-gu-jin-tang-1024x683.jpg 1024w, https:\/\/curalivre.com.br\/wp-content\/uploads\/2025\/08\/bai-he-gu-jin-tang-300x200.jpg 300w, https:\/\/curalivre.com.br\/wp-content\/uploads\/2025\/08\/bai-he-gu-jin-tang-768x513.jpg 768w, https:\/\/curalivre.com.br\/wp-content\/uploads\/2025\/08\/bai-he-gu-jin-tang-1536x1025.jpg 1536w, https:\/\/curalivre.com.br\/wp-content\/uploads\/2025\/08\/bai-he-gu-jin-tang-2048x1367.jpg 2048w\" sizes=\"auto, (max-width: 1024px) 100vw, 1024px\" \/><\/figure>\n\n\n\n<h2 class=\"wp-block-heading has-contrast-color has-text-color\">Fitoterapia Chinesa: F\u00f3rmulas Magistrais<\/h2>\n\n\n\n<p><br>As f\u00f3rmulas magistrais chinesas s\u00e3o <strong>combina\u00e7\u00f5es de ervas medicinais<\/strong> cuidadosamente elaboradas com base nos princ\u00edpios da Medicina Tradicional Chinesa (MTC). <br><br>Cada f\u00f3rmula \u00e9 composta por v\u00e1rias plantas que atuam em sinergia para equilibrar o corpo, tratar desequil\u00edbrios energ\u00e9ticos e promover a sa\u00fade. <br><br>T\u00eam sido usadas h\u00e1 milhares de anos para tratar uma ampla variedade de condi\u00e7\u00f5es, desde problemas digestivos at\u00e9 dist\u00farbios emocionais, sempre buscando restaurar o equil\u00edbrio natural do organismo de forma segura e eficaz.<\/p>\n\n\n\n<figure class=\"wp-block-image size-large\"><img loading=\"lazy\" decoding=\"async\" width=\"1024\" height=\"593\" src=\"https:\/\/curalivre.com.br\/wp-content\/uploads\/2025\/08\/tinturas-1-1024x593.jpg\" alt=\"\" class=\"wp-image-343\" srcset=\"https:\/\/curalivre.com.br\/wp-content\/uploads\/2025\/08\/tinturas-1-1024x593.jpg 1024w, https:\/\/curalivre.com.br\/wp-content\/uploads\/2025\/08\/tinturas-1-300x174.jpg 300w, https:\/\/curalivre.com.br\/wp-content\/uploads\/2025\/08\/tinturas-1-768x445.jpg 768w, https:\/\/curalivre.com.br\/wp-content\/uploads\/2025\/08\/tinturas-1-1536x890.jpg 1536w, https:\/\/curalivre.com.br\/wp-content\/uploads\/2025\/08\/tinturas-1-2048x1187.jpg 2048w\" sizes=\"auto, (max-width: 1024px) 100vw, 1024px\" \/><\/figure>\n\n\n\n<p>As f\u00f3rmulas podem ser consumidas na forma de ch\u00e1, tintura, c\u00e1psula, gl\u00f3bulos ou em p\u00f3.<br><br><\/p>\n\n\n\n<h2 class=\"wp-block-heading has-contrast-color has-text-color\">Acupuntura: Equil\u00edbrio para o Corpo e a Mente<\/h2>\n\n\n\n<h3 class=\"wp-block-heading\"><\/h3>\n\n\n\n<figure class=\"wp-block-image size-large\"><img loading=\"lazy\" decoding=\"async\" width=\"1024\" height=\"683\" src=\"https:\/\/curalivre.com.br\/wp-content\/uploads\/2025\/09\/acupuntura_resende-1024x683.jpg\" alt=\"\" class=\"wp-image-370\" srcset=\"https:\/\/curalivre.com.br\/wp-content\/uploads\/2025\/09\/acupuntura_resende-1024x683.jpg 1024w, https:\/\/curalivre.com.br\/wp-content\/uploads\/2025\/09\/acupuntura_resende-300x200.jpg 300w, https:\/\/curalivre.com.br\/wp-content\/uploads\/2025\/09\/acupuntura_resende-768x512.jpg 768w, https:\/\/curalivre.com.br\/wp-content\/uploads\/2025\/09\/acupuntura_resende-1536x1024.jpg 1536w, https:\/\/curalivre.com.br\/wp-content\/uploads\/2025\/09\/acupuntura_resende.jpg 1701w\" sizes=\"auto, (max-width: 1024px) 100vw, 1024px\" \/><\/figure>\n\n\n\n<p>A acupuntura \u00e9 uma pr\u00e1tica milenar da Medicina Tradicional Chinesa que utiliza a inser\u00e7\u00e3o de finas agulhas em pontos estrat\u00e9gicos do corpo para <strong>estimular o fluxo de energia vital<\/strong>, conhecido como <em>Qi<\/em>. Essa t\u00e9cnica ajuda a restaurar o equil\u00edbrio f\u00edsico e emocional,<strong> aliviando dores, e tratando padr\u00f5es internos<\/strong>. <br><br>Al\u00e9m dos benef\u00edcios f\u00edsicos, a acupuntura tamb\u00e9m \u00e9 eficaz no tratamento de <strong>estresse, ansiedade e ins\u00f4nia<\/strong>, promovendo um estado de bem-estar geral e harmonia entre corpo e mente.<\/p>\n\n\n\n<h2 class=\"wp-block-heading has-contrast-color has-text-color\">Moxabust\u00e3o: Calor Terap\u00eautico para a Cura<\/h2>\n\n\n\n<h3 class=\"wp-block-heading\"><\/h3>\n\n\n\n<figure class=\"wp-block-image size-large is-resized\"><img loading=\"lazy\" decoding=\"async\" width=\"1024\" height=\"683\" src=\"https:\/\/curalivre.com.br\/wp-content\/uploads\/2024\/02\/moxa-1024x683.jpg\" alt=\"\" class=\"wp-image-286\" style=\"object-fit:contain;width:652px;height:434px\" srcset=\"https:\/\/curalivre.com.br\/wp-content\/uploads\/2024\/02\/moxa-1024x683.jpg 1024w, https:\/\/curalivre.com.br\/wp-content\/uploads\/2024\/02\/moxa-300x200.jpg 300w, https:\/\/curalivre.com.br\/wp-content\/uploads\/2024\/02\/moxa-768x513.jpg 768w, https:\/\/curalivre.com.br\/wp-content\/uploads\/2024\/02\/moxa-1536x1025.jpg 1536w, https:\/\/curalivre.com.br\/wp-content\/uploads\/2024\/02\/moxa-2048x1367.jpg 2048w\" sizes=\"auto, (max-width: 1024px) 100vw, 1024px\" \/><\/figure>\n\n\n\n<p>A moxabust\u00e3o \u00e9 uma t\u00e9cnica da Medicina Tradicional Chinesa que utiliza a <strong>queima de folhas de artem\u00edsia<\/strong> (moxa) pr\u00f3ximas \u00e0 pele ou sobre pontos de acupuntura. O calor suave penetra no corpo, promovendo a circula\u00e7\u00e3o de energia vital (<em>Qi<\/em>), aliviando dores, fortalecendo a imunidade e dissipando bloqueios energ\u00e9ticos causados por frio e umidade. <br><br>Indicada para tratar dores cr\u00f4nicas, problemas digestivos e condi\u00e7\u00f5es respirat\u00f3rias, a moxabust\u00e3o \u00e9 uma terapia eficaz que restaura o equil\u00edbrio e promove a sa\u00fade de forma natural.<\/p>\n\n\n\n<h2 class=\"wp-block-heading has-contrast-color has-text-color has-link-color wp-elements-9d1f7a4da32935295100ed91aa28adb7\">Gua Sha<\/h2>\n\n\n\n<figure class=\"wp-block-image size-large\"><img loading=\"lazy\" decoding=\"async\" width=\"1024\" height=\"742\" src=\"https:\/\/curalivre.com.br\/wp-content\/uploads\/2025\/09\/acupuntura_resende_2-1024x742.jpg\" alt=\"\" class=\"wp-image-372\" srcset=\"https:\/\/curalivre.com.br\/wp-content\/uploads\/2025\/09\/acupuntura_resende_2-1024x742.jpg 1024w, https:\/\/curalivre.com.br\/wp-content\/uploads\/2025\/09\/acupuntura_resende_2-300x218.jpg 300w, https:\/\/curalivre.com.br\/wp-content\/uploads\/2025\/09\/acupuntura_resende_2-768x557.jpg 768w, https:\/\/curalivre.com.br\/wp-content\/uploads\/2025\/09\/acupuntura_resende_2-1536x1114.jpg 1536w, https:\/\/curalivre.com.br\/wp-content\/uploads\/2025\/09\/acupuntura_resende_2-2048x1485.jpg 2048w\" sizes=\"auto, (max-width: 1024px) 100vw, 1024px\" \/><\/figure>\n\n\n\n<p>O Gua Sha \u00e9 uma t\u00e9cnica amplamente usada na medicina popular chinesa.<\/p>\n\n\n\n<p><br>Consiste basicamente na \u201craspagem\u201d da pele (pr\u00e9viamente hidratada) com um instrumento feito de pedra, resina ou, nesse caso aqui, de cobre. Ao raspar o instrumento sobre a pele favorecemos a <strong>circula\u00e7\u00e3o de Qi e de sangue na superf\u00edcie do corpo, expulsando fatores patog\u00eanicos, movendo estagna\u00e7\u00f5es, diminuindo edemas e aliviando a dor.<\/strong><br><\/p>\n\n\n\n<p>O que se deseja ap\u00f3s a raspagem \u00e9 a forma\u00e7\u00e3o do \u201cSha\u201d, que \u00e9 basicamente uma hiperemia, uma vermelhid\u00e3o que indica a subida do sangue para a superf\u00edcie. Quando h\u00e1 uma estagna\u00e7\u00e3o intensa, ou um fator patog\u00eanico muito aprofundado, fazemos a sangria sobre o \u201cSha\u201d, removendo assim o sangue parado. O al\u00edvio \u00e9 imediato.\u00a0<br>O Gua Sha simples pode ser realizado pelo paciente em casa e tem \u00f3timos efeitos em dores e no in\u00edcio das invas\u00f5es clim\u00e1ticas. \u00c9 muito conhecido por sua fun\u00e7\u00e3o est\u00e9tica, ajudando a manter a pele do rosto firme e com aspecto sempre descansado. \u00c9 contraindicada apenas em pacientes muito debilitados, no abdome de gestantes ou sobre les\u00f5es na pele<\/p>\n","protected":false},"excerpt":{"rendered":"<p>Medicina Chinesa A Medicina Chinesa \u00e9 uma ci\u00eancia ancestral reconhecida pela Organiza\u00e7\u00e3o Mundial de Sa\u00fade, e se baseia na filosofia Tao\u00edsta, que busca o caminho para uma vida prazerosa em harmonia com as for\u00e7as da natureza. Todas as pessoas em qualquer idade ou fase da vida podem se beneficiar de um acompanhamento nesta medicina. O [&hellip;]<\/p>\n","protected":false},"author":1,"featured_media":0,"parent":0,"menu_order":0,"comment_status":"closed","ping_status":"closed","template":"","meta":{"footnotes":""},"class_list":["post-285","page","type-page","status-publish","hentry"],"_links":{"self":[{"href":"https:\/\/curalivre.com.br\/index.php?rest_route=\/wp\/v2\/pages\/285","targetHints":{"allow":["GET"]}}],"collection":[{"href":"https:\/\/curalivre.com.br\/index.php?rest_route=\/wp\/v2\/pages"}],"about":[{"href":"https:\/\/curalivre.com.br\/index.php?rest_route=\/wp\/v2\/types\/page"}],"author":[{"embeddable":true,"href":"https:\/\/curalivre.com.br\/index.php?rest_route=\/wp\/v2\/users\/1"}],"replies":[{"embeddable":true,"href":"https:\/\/curalivre.com.br\/index.php?rest_route=%2Fwp%2Fv2%2Fcomments&post=285"}],"version-history":[{"count":7,"href":"https:\/\/curalivre.com.br\/index.php?rest_route=\/wp\/v2\/pages\/285\/revisions"}],"predecessor-version":[{"id":376,"href":"https:\/\/curalivre.com.br\/index.php?rest_route=\/wp\/v2\/pages\/285\/revisions\/376"}],"wp:attachment":[{"href":"https:\/\/curalivre.com.br\/index.php?rest_route=%2Fwp%2Fv2%2Fmedia&parent=285"}],"curies":[{"name":"wp","href":"https:\/\/api.w.org\/{rel}","templated":true}]}}