{"id":279,"date":"2024-02-28T11:26:25","date_gmt":"2024-02-28T14:26:25","guid":{"rendered":"https:\/\/curalivre.com.br\/?page_id=279"},"modified":"2025-08-19T17:08:29","modified_gmt":"2025-08-19T20:08:29","slug":"279-2","status":"publish","type":"page","link":"https:\/\/curalivre.com.br\/?page_id=279","title":{"rendered":"Sobre Mim"},"content":{"rendered":"\n<div class=\"wp-block-group alignfull has-contrast-color has-text-color has-link-color wp-elements-67f84f82be36eeb39a9fd1d98b705b22 has-global-padding is-layout-constrained wp-container-core-group-is-layout-23b1a4dc wp-block-group-is-layout-constrained\" style=\"padding-top:var(--wp--preset--spacing--30);padding-right:var(--wp--preset--spacing--30);padding-bottom:var(--wp--preset--spacing--30);padding-left:var(--wp--preset--spacing--30)\">\n<div class=\"wp-block-group alignwide is-content-justification-space-between is-layout-flex wp-container-core-group-is-layout-b585a4aa wp-block-group-is-layout-flex\">\n<div class=\"wp-block-group is-layout-flex wp-container-core-group-is-layout-7a92790e wp-block-group-is-layout-flex\"><div class=\"is-default-size wp-block-site-logo\"><a href=\"https:\/\/curalivre.com.br\/\" class=\"custom-logo-link\" rel=\"home\"><img loading=\"lazy\" decoding=\"async\" width=\"1216\" height=\"1218\" src=\"https:\/\/curalivre.com.br\/wp-content\/uploads\/2025\/08\/Adesivo-10x10-Cura-Livre-4.jpg\" class=\"custom-logo\" alt=\"Helena Sa Motta\" srcset=\"https:\/\/curalivre.com.br\/wp-content\/uploads\/2025\/08\/Adesivo-10x10-Cura-Livre-4.jpg 1216w, https:\/\/curalivre.com.br\/wp-content\/uploads\/2025\/08\/Adesivo-10x10-Cura-Livre-4-300x300.jpg 300w, https:\/\/curalivre.com.br\/wp-content\/uploads\/2025\/08\/Adesivo-10x10-Cura-Livre-4-1022x1024.jpg 1022w, https:\/\/curalivre.com.br\/wp-content\/uploads\/2025\/08\/Adesivo-10x10-Cura-Livre-4-150x150.jpg 150w, https:\/\/curalivre.com.br\/wp-content\/uploads\/2025\/08\/Adesivo-10x10-Cura-Livre-4-768x769.jpg 768w\" sizes=\"auto, (max-width: 1216px) 100vw, 1216px\" \/><\/a><\/div>\n\n\n<div class=\"wp-block-group is-vertical is-layout-flex wp-container-core-group-is-layout-30a70405 wp-block-group-is-layout-flex\"><h1 class=\"has-link-color wp-elements-d6202aa7d337f2ce08aedc8ed261a84e wp-block-site-title\"><a href=\"https:\/\/curalivre.com.br\" target=\"_self\" rel=\"home\">Helena Sa Motta<\/a><\/h1>\n\n<p class=\"wp-block-site-tagline has-small-font-size\">\u4e2d\u533b &#8211; Acupuntura e Fitoterapia Chinesa <\/p><\/div>\n<\/div>\n\n\n<nav class=\"has-small-font-size is-responsive items-justified-right wp-block-navigation is-content-justification-right is-layout-flex wp-container-core-navigation-is-layout-f665d2b5 wp-block-navigation-is-layout-flex\" aria-label=\"Navega\u00e7\u00e3o\" \n\t\t data-wp-interactive=\"core\/navigation\" data-wp-context='{\"overlayOpenedBy\":{\"click\":false,\"hover\":false,\"focus\":false},\"type\":\"overlay\",\"roleAttribute\":\"\",\"ariaLabel\":\"Menu\"}'><button aria-haspopup=\"dialog\" aria-label=\"Abrir menu\" class=\"wp-block-navigation__responsive-container-open\" \n\t\t\t\tdata-wp-on-async--click=\"actions.openMenuOnClick\"\n\t\t\t\tdata-wp-on--keydown=\"actions.handleMenuKeydown\"\n\t\t\t><svg width=\"24\" height=\"24\" xmlns=\"http:\/\/www.w3.org\/2000\/svg\" viewBox=\"0 0 24 24\" aria-hidden=\"true\" focusable=\"false\"><rect x=\"4\" y=\"7.5\" width=\"16\" height=\"1.5\" \/><rect x=\"4\" y=\"15\" width=\"16\" height=\"1.5\" \/><\/svg><\/button>\n\t\t\t\t<div class=\"wp-block-navigation__responsive-container\"  id=\"modal-1\" \n\t\t\t\tdata-wp-class--has-modal-open=\"state.isMenuOpen\"\n\t\t\t\tdata-wp-class--is-menu-open=\"state.isMenuOpen\"\n\t\t\t\tdata-wp-watch=\"callbacks.initMenu\"\n\t\t\t\tdata-wp-on--keydown=\"actions.handleMenuKeydown\"\n\t\t\t\tdata-wp-on-async--focusout=\"actions.handleMenuFocusout\"\n\t\t\t\ttabindex=\"-1\"\n\t\t\t>\n\t\t\t\t\t<div class=\"wp-block-navigation__responsive-close\" tabindex=\"-1\">\n\t\t\t\t\t\t<div class=\"wp-block-navigation__responsive-dialog\" \n\t\t\t\tdata-wp-bind--aria-modal=\"state.ariaModal\"\n\t\t\t\tdata-wp-bind--aria-label=\"state.ariaLabel\"\n\t\t\t\tdata-wp-bind--role=\"state.roleAttribute\"\n\t\t\t>\n\t\t\t\t\t\t\t<button aria-label=\"Fechar menu\" class=\"wp-block-navigation__responsive-container-close\" \n\t\t\t\tdata-wp-on-async--click=\"actions.closeMenuOnClick\"\n\t\t\t><svg xmlns=\"http:\/\/www.w3.org\/2000\/svg\" viewBox=\"0 0 24 24\" width=\"24\" height=\"24\" aria-hidden=\"true\" focusable=\"false\"><path d=\"m13.06 12 6.47-6.47-1.06-1.06L12 10.94 5.53 4.47 4.47 5.53 10.94 12l-6.47 6.47 1.06 1.06L12 13.06l6.47 6.47 1.06-1.06L13.06 12Z\"><\/path><\/svg><\/button>\n\t\t\t\t\t\t\t<div class=\"wp-block-navigation__responsive-container-content\" \n\t\t\t\tdata-wp-watch=\"callbacks.focusFirstElement\"\n\t\t\t id=\"modal-1-content\">\n\t\t\t\t\t\t\t\t<ul class=\"wp-block-navigation__container has-small-font-size is-responsive items-justified-right wp-block-navigation has-small-font-size\"><li class=\"has-small-font-size wp-block-navigation-item wp-block-navigation-link\"><a class=\"wp-block-navigation-item__content\"  href=\"https:\/\/curalivre.com.br\/?page_id=279\"><span class=\"wp-block-navigation-item__label\">Sobre Mim<\/span><\/a><\/li><li class=\"has-small-font-size wp-block-navigation-item wp-block-navigation-link\"><a class=\"wp-block-navigation-item__content\"  href=\"https:\/\/curalivre.com.br\/?page_id=271\"><span class=\"wp-block-navigation-item__label\">Consultas<\/span><\/a><\/li><li class=\"has-small-font-size wp-block-navigation-item wp-block-navigation-link\"><a class=\"wp-block-navigation-item__content\"  href=\"https:\/\/curalivre.com.br\/?page_id=285\"><span class=\"wp-block-navigation-item__label\">Medicina Chinesa<\/span><\/a><\/li><\/ul>\n\t\t\t\t\t\t\t<\/div>\n\t\t\t\t\t\t<\/div>\n\t\t\t\t\t<\/div>\n\t\t\t\t<\/div><\/nav><\/div>\n<\/div>\n\n\n\n<h2 class=\"wp-block-heading has-contrast-color has-text-color\">Helena Sa Motta <\/h2>\n\n\n\n<h5 class=\"wp-block-heading\"><\/h5>\n\n\n\n<p>Sou Helena S\u00e1 Motta, fitoterapeuta e acupunturista. Ofere\u00e7o atendimentos presenciais e remotos proporcionando <strong>cuidado integral<\/strong> e natural aos meus pacientes.<\/p>\n\n\n\n<p>Minha forma\u00e7\u00e3o inclui Acupuntura pela Associa\u00e7\u00e3o Zhong-Yi-Yao de Medicina Chinesa do Brasil (SP) e p\u00f3s-gradua\u00e7\u00e3o em Fitoterapia Chinesa e Brasileira pela Casa da Terra (SP). Ao longo da minha trajet\u00f3ria, aprofundei meus conhecimentos com diversas especializa\u00e7\u00f5es em \u00e1reas como Diagn\u00f3stico pela Medicina Chinesa, Fitoterapia,<strong> Ortopedia, Obstetr\u00edcia e Pediatria na Medicina Chinesa<\/strong> e Medicinas Ancestrais do Brasil. Tamb\u00e9m tenho uma constante dedica\u00e7\u00e3o \u00e0 pesquisa sobre o uso popular das plantas medicinais no Brasil.<\/p>\n\n\n\n<figure class=\"wp-block-image size-large\"><img loading=\"lazy\" decoding=\"async\" width=\"1024\" height=\"575\" src=\"https:\/\/curalivre.com.br\/wp-content\/uploads\/2023\/02\/curalivre_helena2-1024x575.jpg\" alt=\"\" class=\"wp-image-186\" srcset=\"https:\/\/curalivre.com.br\/wp-content\/uploads\/2023\/02\/curalivre_helena2-1024x575.jpg 1024w, https:\/\/curalivre.com.br\/wp-content\/uploads\/2023\/02\/curalivre_helena2-300x169.jpg 300w, https:\/\/curalivre.com.br\/wp-content\/uploads\/2023\/02\/curalivre_helena2-768x432.jpg 768w, https:\/\/curalivre.com.br\/wp-content\/uploads\/2023\/02\/curalivre_helena2-1536x863.jpg 1536w, https:\/\/curalivre.com.br\/wp-content\/uploads\/2023\/02\/curalivre_helena2-2048x1151.jpg 2048w\" sizes=\"auto, (max-width: 1024px) 100vw, 1024px\" \/><\/figure>\n\n\n\n<p>Minha paix\u00e3o pela fitoterapia surgiu de uma busca pessoal por cuidados mais naturais, e hoje a pesquisa e a atua\u00e7\u00e3o cl\u00ednica pela medicina chinesa \u00e9 meu grande prop\u00f3sito de vida.<\/p>\n\n\n\n<p>Nascida em Belo Horizonte, me mudei para S\u00e3o Paulo na adolesc\u00eancia, onde iniciei minha rela\u00e7\u00e3o com a cultura chinesa atrav\u00e9s das artes marciais. Em 2013, uma viagem ao Vale do Jequitinhonha aprofundou meu interesse pelas plantas medicinais. Em 2018, me formei em Design de Permacultura, ampliando minha compreens\u00e3o da natureza e sa\u00fade. Antes de iniciar meus estudos em Medicina Chinesa me formei em Artes Pl\u00e1sticas como bacharel em gravura pela USP e trabalhei ainda como fot\u00f3grafa de eventos.<\/p>\n\n\n\n<p>Em 2020, criei a p\u00e1gina <strong>Cura Livre<\/strong> no Instagram, e em 2021, lancei o curso online &#8220;<strong>Como as Plantas Curam<\/strong>&#8220;, uma introdu\u00e7\u00e3o \u00e0 fitoterapia.<\/p>\n\n\n\n<p>Atualmente, vivo na Serrinha do Alambari, onde cultivo um jardim medicinal e busco uma vida em harmonia&nbsp;com&nbsp;a&nbsp;natureza.<\/p>\n\n\n\n<p><\/p>\n","protected":false},"excerpt":{"rendered":"<p>Helena Sa Motta Sou Helena S\u00e1 Motta, fitoterapeuta e acupunturista. Ofere\u00e7o atendimentos presenciais e remotos proporcionando cuidado integral e natural aos meus pacientes. Minha forma\u00e7\u00e3o inclui Acupuntura pela Associa\u00e7\u00e3o Zhong-Yi-Yao de Medicina Chinesa do Brasil (SP) e p\u00f3s-gradua\u00e7\u00e3o em Fitoterapia Chinesa e Brasileira pela Casa da Terra (SP). Ao longo da minha trajet\u00f3ria, aprofundei meus [&hellip;]<\/p>\n","protected":false},"author":1,"featured_media":0,"parent":0,"menu_order":0,"comment_status":"closed","ping_status":"closed","template":"","meta":{"footnotes":""},"class_list":["post-279","page","type-page","status-publish","hentry"],"_links":{"self":[{"href":"https:\/\/curalivre.com.br\/index.php?rest_route=\/wp\/v2\/pages\/279","targetHints":{"allow":["GET"]}}],"collection":[{"href":"https:\/\/curalivre.com.br\/index.php?rest_route=\/wp\/v2\/pages"}],"about":[{"href":"https:\/\/curalivre.com.br\/index.php?rest_route=\/wp\/v2\/types\/page"}],"author":[{"embeddable":true,"href":"https:\/\/curalivre.com.br\/index.php?rest_route=\/wp\/v2\/users\/1"}],"replies":[{"embeddable":true,"href":"https:\/\/curalivre.com.br\/index.php?rest_route=%2Fwp%2Fv2%2Fcomments&post=279"}],"version-history":[{"count":5,"href":"https:\/\/curalivre.com.br\/index.php?rest_route=\/wp\/v2\/pages\/279\/revisions"}],"predecessor-version":[{"id":337,"href":"https:\/\/curalivre.com.br\/index.php?rest_route=\/wp\/v2\/pages\/279\/revisions\/337"}],"wp:attachment":[{"href":"https:\/\/curalivre.com.br\/index.php?rest_route=%2Fwp%2Fv2%2Fmedia&parent=279"}],"curies":[{"name":"wp","href":"https:\/\/api.w.org\/{rel}","templated":true}]}}