{"id":271,"date":"2024-02-28T10:53:57","date_gmt":"2024-02-28T13:53:57","guid":{"rendered":"https:\/\/curalivre.com.br\/?page_id=271"},"modified":"2025-09-25T09:20:02","modified_gmt":"2025-09-25T12:20:02","slug":"consultas","status":"publish","type":"page","link":"https:\/\/curalivre.com.br\/?page_id=271","title":{"rendered":"Consultas"},"content":{"rendered":"\n<div class=\"wp-block-group alignwide is-content-justification-space-between is-layout-flex wp-container-core-group-is-layout-b585a4aa wp-block-group-is-layout-flex\">\n<div class=\"wp-block-group has-custom-cor-1-background-color has-background is-layout-flex wp-container-core-group-is-layout-7a92790e wp-block-group-is-layout-flex\"><div class=\"is-default-size wp-block-site-logo\"><a href=\"https:\/\/curalivre.com.br\/\" class=\"custom-logo-link\" rel=\"home\"><img loading=\"lazy\" decoding=\"async\" width=\"1216\" height=\"1218\" src=\"https:\/\/curalivre.com.br\/wp-content\/uploads\/2025\/08\/Adesivo-10x10-Cura-Livre-4.jpg\" class=\"custom-logo\" alt=\"Helena Sa Motta\" srcset=\"https:\/\/curalivre.com.br\/wp-content\/uploads\/2025\/08\/Adesivo-10x10-Cura-Livre-4.jpg 1216w, https:\/\/curalivre.com.br\/wp-content\/uploads\/2025\/08\/Adesivo-10x10-Cura-Livre-4-300x300.jpg 300w, https:\/\/curalivre.com.br\/wp-content\/uploads\/2025\/08\/Adesivo-10x10-Cura-Livre-4-1022x1024.jpg 1022w, https:\/\/curalivre.com.br\/wp-content\/uploads\/2025\/08\/Adesivo-10x10-Cura-Livre-4-150x150.jpg 150w, https:\/\/curalivre.com.br\/wp-content\/uploads\/2025\/08\/Adesivo-10x10-Cura-Livre-4-768x769.jpg 768w\" sizes=\"auto, (max-width: 1216px) 100vw, 1216px\" \/><\/a><\/div>\n\n\n<div class=\"wp-block-group has-contrast-color has-text-color has-link-color wp-elements-1dfce44b16d5c4170eb5e5d401e1c60e is-vertical is-layout-flex wp-container-core-group-is-layout-30a70405 wp-block-group-is-layout-flex\"><h1 style=\"color:#106233;\" class=\"has-link-color wp-elements-13374f9ebc47a93899686cbc4fdd3792 wp-block-site-title has-text-color has-large-font-size\"><a href=\"https:\/\/curalivre.com.br\" target=\"_self\" rel=\"home\">Helena Sa Motta<\/a><\/h1>\n\n<p style=\"color:#fffdf0;\" class=\"wp-elements-bfe3cde7f7c9632d3abef89cc94981eb wp-block-site-tagline has-text-color has-small-font-size\">\u4e2d\u533b &#8211; Acupuntura e Fitoterapia Chinesa <\/p><\/div>\n<\/div>\n\n\n<nav style=\"color: #fffdf0;\" class=\"has-text-color has-small-font-size is-responsive items-justified-right wp-block-navigation is-content-justification-right is-layout-flex wp-container-core-navigation-is-layout-f665d2b5 wp-block-navigation-is-layout-flex\" aria-label=\"Navega\u00e7\u00e3o\" \n\t\t data-wp-interactive=\"core\/navigation\" data-wp-context='{\"overlayOpenedBy\":{\"click\":false,\"hover\":false,\"focus\":false},\"type\":\"overlay\",\"roleAttribute\":\"\",\"ariaLabel\":\"Menu\"}'><button aria-haspopup=\"dialog\" aria-label=\"Abrir menu\" class=\"wp-block-navigation__responsive-container-open\" \n\t\t\t\tdata-wp-on-async--click=\"actions.openMenuOnClick\"\n\t\t\t\tdata-wp-on--keydown=\"actions.handleMenuKeydown\"\n\t\t\t><svg width=\"24\" height=\"24\" xmlns=\"http:\/\/www.w3.org\/2000\/svg\" viewBox=\"0 0 24 24\" aria-hidden=\"true\" focusable=\"false\"><rect x=\"4\" y=\"7.5\" width=\"16\" height=\"1.5\" \/><rect x=\"4\" y=\"15\" width=\"16\" height=\"1.5\" \/><\/svg><\/button>\n\t\t\t\t<div class=\"wp-block-navigation__responsive-container\"  id=\"modal-1\" \n\t\t\t\tdata-wp-class--has-modal-open=\"state.isMenuOpen\"\n\t\t\t\tdata-wp-class--is-menu-open=\"state.isMenuOpen\"\n\t\t\t\tdata-wp-watch=\"callbacks.initMenu\"\n\t\t\t\tdata-wp-on--keydown=\"actions.handleMenuKeydown\"\n\t\t\t\tdata-wp-on-async--focusout=\"actions.handleMenuFocusout\"\n\t\t\t\ttabindex=\"-1\"\n\t\t\t>\n\t\t\t\t\t<div class=\"wp-block-navigation__responsive-close\" tabindex=\"-1\">\n\t\t\t\t\t\t<div class=\"wp-block-navigation__responsive-dialog\" \n\t\t\t\tdata-wp-bind--aria-modal=\"state.ariaModal\"\n\t\t\t\tdata-wp-bind--aria-label=\"state.ariaLabel\"\n\t\t\t\tdata-wp-bind--role=\"state.roleAttribute\"\n\t\t\t>\n\t\t\t\t\t\t\t<button aria-label=\"Fechar menu\" class=\"wp-block-navigation__responsive-container-close\" \n\t\t\t\tdata-wp-on-async--click=\"actions.closeMenuOnClick\"\n\t\t\t><svg xmlns=\"http:\/\/www.w3.org\/2000\/svg\" viewBox=\"0 0 24 24\" width=\"24\" height=\"24\" aria-hidden=\"true\" focusable=\"false\"><path d=\"m13.06 12 6.47-6.47-1.06-1.06L12 10.94 5.53 4.47 4.47 5.53 10.94 12l-6.47 6.47 1.06 1.06L12 13.06l6.47 6.47 1.06-1.06L13.06 12Z\"><\/path><\/svg><\/button>\n\t\t\t\t\t\t\t<div class=\"wp-block-navigation__responsive-container-content\" \n\t\t\t\tdata-wp-watch=\"callbacks.focusFirstElement\"\n\t\t\t id=\"modal-1-content\">\n\t\t\t\t\t\t\t\t<ul style=\"color: #fffdf0;\" class=\"wp-block-navigation__container has-text-color has-small-font-size is-responsive items-justified-right wp-block-navigation has-small-font-size\"><li class=\"has-small-font-size wp-block-navigation-item wp-block-navigation-link\"><a class=\"wp-block-navigation-item__content\"  href=\"https:\/\/curalivre.com.br\/?page_id=279\"><span class=\"wp-block-navigation-item__label\">Sobre Mim<\/span><\/a><\/li><li class=\"has-small-font-size wp-block-navigation-item wp-block-navigation-link\"><a class=\"wp-block-navigation-item__content\"  href=\"https:\/\/curalivre.com.br\/?page_id=271\"><span class=\"wp-block-navigation-item__label\">Consultas<\/span><\/a><\/li><li class=\"has-small-font-size wp-block-navigation-item wp-block-navigation-link\"><a class=\"wp-block-navigation-item__content\"  href=\"https:\/\/curalivre.com.br\/?page_id=285\"><span class=\"wp-block-navigation-item__label\">Medicina Chinesa<\/span><\/a><\/li><\/ul>\n\t\t\t\t\t\t\t<\/div>\n\t\t\t\t\t\t<\/div>\n\t\t\t\t\t<\/div>\n\t\t\t\t<\/div><\/nav><\/div>\n\n\n\n<div class=\"wp-block-group alignfull has-contrast-color has-text-color has-link-color wp-elements-f9096219fd1a08e32a378ce253b55dae has-global-padding is-layout-constrained wp-container-core-group-is-layout-23b1a4dc wp-block-group-is-layout-constrained\" style=\"padding-top:var(--wp--preset--spacing--30);padding-right:var(--wp--preset--spacing--30);padding-bottom:var(--wp--preset--spacing--30);padding-left:var(--wp--preset--spacing--30)\">\n<div class=\"wp-block-columns alignwide is-layout-flex wp-container-core-columns-is-layout-d2da2050 wp-block-columns-is-layout-flex\" style=\"margin-bottom:0\">\n<div class=\"wp-block-column has-text-color has-background has-link-color wp-elements-06370f3646a36858aa2e25a24f7dbae2 is-layout-flow wp-block-column-is-layout-flow\" style=\"color:#000000;background-color:#106233;padding-top:2em;padding-right:2em;padding-bottom:2em;padding-left:2em\">\n<h2 class=\"wp-block-heading has-text-color has-link-color wp-elements-ab1e9594b8ffa7615ded70ec583d31bf\" id=\"single\" style=\"color:#fffdf0;font-size:clamp(24.034px, 1.502rem + ((1vw - 3.2px) * 1.814), 40px);\">Consulta Online<\/h2>\n\n\n\n<p class=\"has-text-color has-link-color has-normal-font-size wp-elements-d2bea087658ad7a5155e783dca51e2f8\" style=\"color:#fffdf0;line-height:1.5\"><strong>Fitoterapia Chinesa<\/strong><\/p>\n\n\n\n<hr class=\"wp-block-separator has-text-color has-contrast-color has-alpha-channel-opacity has-contrast-background-color has-background is-style-wide\"\/>\n\n\n\n<ul class=\"wp-block-list has-normal-font-size\">\n<li class=\"has-text-color has-link-color wp-elements-7768f76c88d01257f0f2fe420373b52e\" style=\"color:#fffdf0\">Primeira sess\u00e3o: anamnese completa, diagn\u00f3stico e in\u00edcio do tratamento com dura\u00e7\u00e3o de 1h30<\/li>\n\n\n\n<li class=\"has-text-color has-link-color wp-elements-06e6b1eeba9fe8b712d1007c8a082231\" style=\"color:#fffdf0\">Sess\u00f5es de acompanhamento com dura\u00e7\u00e3o de 30 a 40min<\/li>\n\n\n\n<li class=\"has-text-color has-link-color wp-elements-82341d396de2da026abeb052b21a053c\" style=\"color:#fffdf0\">Trate-se de qualquer lugar<\/li>\n<\/ul>\n\n\n\n<div class=\"wp-block-buttons alignfull is-horizontal is-content-justification-center is-layout-flex wp-container-core-buttons-is-layout-03627597 wp-block-buttons-is-layout-flex\">\n<div class=\"wp-block-button has-custom-width wp-block-button__width-100\"><a class=\"wp-block-button__link has-white-color has-text-color has-background no-border-radius wp-element-button\" href=\"https:\/\/wa.me\/5511966206183?text=Ol\u00e1!%20Gostaria%20de%20agendar%20uma%20consulta%20online.\" style=\"background-color:#000000\">Agendar Sess\u00e3o Online<\/a><\/div>\n<\/div>\n<\/div>\n\n\n\n<div class=\"wp-block-column has-text-color has-background has-link-color wp-elements-c688f7369514da4e6cc64606588ce566 is-layout-flow wp-block-column-is-layout-flow\" style=\"color:#fffdf0;background-color:#106233;padding-top:2em;padding-right:2em;padding-bottom:2em;padding-left:2em\">\n<h2 class=\"wp-block-heading has-text-color has-link-color wp-elements-3b342623061aca4a0e5d81fa4d176a74\" id=\"family\" style=\"color:#fffdf0;font-size:clamp(24.034px, 1.502rem + ((1vw - 3.2px) * 1.814), 40px);\">Resende, RJ<\/h2>\n\n\n\n<p class=\"has-normal-font-size\" style=\"line-height:1.5\"><strong>Acupuntura e Fitoterapia Chinesa<\/strong><\/p>\n\n\n\n<hr class=\"wp-block-separator has-text-color has-contrast-color has-alpha-channel-opacity has-contrast-background-color has-background is-style-wide\"\/>\n\n\n\n<ul class=\"wp-block-list has-normal-font-size\">\n<li>Rua Luis Ferreira Pinto, 30 &#8211; Martinelli<\/li>\n\n\n\n<li>Primeira sess\u00e3o: anamnese completa, diagn\u00f3stico e in\u00edcio do tratamento com dura\u00e7\u00e3o de 1h30<\/li>\n\n\n\n<li>Sess\u00f5es de Acompanhamento com dura\u00e7\u00e3o de 1h<\/li>\n<\/ul>\n\n\n\n<div class=\"wp-block-buttons alignfull is-horizontal is-content-justification-center is-layout-flex wp-container-core-buttons-is-layout-03627597 wp-block-buttons-is-layout-flex\">\n<div class=\"wp-block-button has-custom-width wp-block-button__width-100 is-style-fill\"><a class=\"wp-block-button__link has-white-color has-text-color has-background no-border-radius wp-element-button\" href=\"https:\/\/wa.me\/5511966206183?text=Ol\u00e1!%20Gostaria%20de%20agendar%20uma%20consulta%20em%20Resende\" style=\"background-color:#000000\">Agendar Sess\u00e3o em Resende<\/a><\/div>\n<\/div>\n<\/div>\n\n\n\n<div class=\"wp-block-column has-text-color has-background has-link-color wp-elements-a1776772a2735983121e238624a5d183 is-layout-flow wp-block-column-is-layout-flow\" style=\"color:#000000;background-color:#045e2c;padding-top:2em;padding-right:2em;padding-bottom:2em;padding-left:2em\">\n<h2 class=\"wp-block-heading has-text-color has-link-color wp-elements-c40344e68de2d560e0ac0c5d0a0e48a2\" id=\"patron\" style=\"color:#fffdf0;font-size:clamp(24.034px, 1.502rem + ((1vw - 3.2px) * 1.814), 40px);\">Serrinha do Alambari<\/h2>\n\n\n\n<p class=\"has-text-color has-link-color has-normal-font-size wp-elements-8266ba29d98cffc9ba04427a5310d1d9\" style=\"color:#fffdf0\"><strong>Acupuntura e Fitoterapia Chinesa<\/strong><\/p>\n\n\n\n<hr class=\"wp-block-separator has-css-opacity is-style-wide\"\/>\n\n\n\n<ul class=\"wp-block-list has-normal-font-size\">\n<li class=\"has-text-color has-link-color wp-elements-7768f76c88d01257f0f2fe420373b52e\" style=\"color:#fffdf0\">Primeira sess\u00e3o: anamnese completa, diagn\u00f3stico e in\u00edcio do tratamento com dura\u00e7\u00e3o de 1h30<\/li>\n\n\n\n<li class=\"has-text-color has-link-color wp-elements-15d620cc8ca2f643e452a086ac45967f\" style=\"color:#fffdf0\">Sess\u00f5es de Acompanhamento com dura\u00e7\u00e3o de 1h<\/li>\n<\/ul>\n\n\n\n<div class=\"wp-block-buttons alignfull is-horizontal is-content-justification-center is-layout-flex wp-container-core-buttons-is-layout-03627597 wp-block-buttons-is-layout-flex\">\n<div class=\"wp-block-button has-custom-width wp-block-button__width-100\"><a class=\"wp-block-button__link has-white-color has-text-color has-background no-border-radius wp-element-button\" href=\"https:\/\/wa.me\/5511966206183?text=Ol\u00e1!%20Gostaria%20de%20agendar%20uma%20consulta%20na%20Serrinha\" style=\"background-color:#000000\">Agendar Sess\u00e3o na Serrinha<\/a><\/div>\n<\/div>\n<\/div>\n<\/div>\n<\/div>\n\n\n\n<h2 class=\"wp-block-heading has-contrast-color has-custom-cor-1-background-color has-text-color has-background has-x-large-font-size\" style=\"margin-top:0;margin-right:0;margin-bottom:0;margin-left:0\">Como funcionam as consultas?<\/h2>\n\n\n\n<p class=\"has-contrast-color has-text-color has-background has-link-color wp-elements-0e5f2268f23c68f91dd0f3e7eb6a2b65\" style=\"background-color:#fffdf0\">Na nossa <strong>primeira consulta<\/strong>, gosto de ouvir com calma suas queixas e fazer algumas perguntas para entender melhor seu padr\u00e3o de desequil\u00edbrio, suas causas e como isso se manifesta no seu dia a dia. Esse momento \u00e9 muito importante, pois, na Medicina Chinesa, cada pessoa \u00e9 \u00fanica, e essa conversa <strong>j\u00e1 faz parte do processo de cura<\/strong>.<\/p>\n\n\n\n<figure class=\"wp-block-image size-large\"><img loading=\"lazy\" decoding=\"async\" width=\"1024\" height=\"683\" src=\"https:\/\/curalivre.com.br\/wp-content\/uploads\/2025\/09\/ENSAIOCORP-HELENACURALIVRE-4-1024x683.jpg\" alt=\"\" class=\"wp-image-380\" srcset=\"https:\/\/curalivre.com.br\/wp-content\/uploads\/2025\/09\/ENSAIOCORP-HELENACURALIVRE-4-1024x683.jpg 1024w, https:\/\/curalivre.com.br\/wp-content\/uploads\/2025\/09\/ENSAIOCORP-HELENACURALIVRE-4-300x200.jpg 300w, https:\/\/curalivre.com.br\/wp-content\/uploads\/2025\/09\/ENSAIOCORP-HELENACURALIVRE-4-768x512.jpg 768w, https:\/\/curalivre.com.br\/wp-content\/uploads\/2025\/09\/ENSAIOCORP-HELENACURALIVRE-4-1536x1024.jpg 1536w, https:\/\/curalivre.com.br\/wp-content\/uploads\/2025\/09\/ENSAIOCORP-HELENACURALIVRE-4-2048x1365.jpg 2048w\" sizes=\"auto, (max-width: 1024px) 100vw, 1024px\" \/><\/figure>\n\n\n\n<p class=\"has-contrast-color has-text-color has-background has-link-color wp-elements-c077af62a477006c44f3b53e9fd9990c\" style=\"background-color:#fffdf0\">A partir da\u00ed, iniciamos o <strong>tratamento<\/strong>, que pode incluir<strong> Acupuntura, Fitoterapia e ajustes nos seus h\u00e1bitos alimentares e de vida<\/strong>, para ajudar no equil\u00edbrio do corpo.<br><br>O <strong>acompanhamento \u00e9 essencial<\/strong> para medir o progresso. As sess\u00f5es podem ser semanais, quinzenais ou mensais, conforme sua necessidade e disponibilidade. Nessas consultas, revisamos o tratamento, ajustamos f\u00f3rmulas e acompanhamos sua evolu\u00e7\u00e3o.<\/p>\n\n\n\n<p class=\"has-contrast-color has-text-color has-background has-link-color wp-elements-c30601e3467b49bec9c8b095f67971ff\" style=\"background-color:#fffdf0\">A <strong>dura\u00e7\u00e3o do tratamento<\/strong> pode variar de acordo com o padr\u00e3o do desequil\u00edbrio, engajamento e resposta do paciente ao tratamento. Alguns tratamentos s\u00e3o resolvidos em tr\u00eas ou quatro sess\u00f5es, enquanto outros se prolongam por meses ou anos. Em todo caso, <strong>a Medicina Chinesa \u00e9 profundamente transformadora<\/strong>, ajudando-nos na elabora\u00e7\u00e3o de quest\u00f5es sutis e emocionais, bem como na resolu\u00e7\u00e3o de sintomas f\u00edsicos.<\/p>\n\n\n\n<p class=\"has-contrast-color has-text-color has-background has-link-color wp-elements-427f7850c8c2784efcbfefec9a30ac61\" style=\"background-color:#fffdf0\"><\/p>\n\n\n\n<p class=\"has-contrast-color has-text-color has-background has-link-color wp-elements-427f7850c8c2784efcbfefec9a30ac61\" style=\"background-color:#fffdf0\"><\/p>\n\n\n\n<p><\/p>\n","protected":false},"excerpt":{"rendered":"<p>Consulta Online Fitoterapia Chinesa Resende, RJ Acupuntura e Fitoterapia Chinesa Serrinha do Alambari Acupuntura e Fitoterapia Chinesa Como funcionam as consultas? Na nossa primeira consulta, gosto de ouvir com calma suas queixas e fazer algumas perguntas para entender melhor seu padr\u00e3o de desequil\u00edbrio, suas causas e como isso se manifesta no seu dia a dia. [&hellip;]<\/p>\n","protected":false},"author":1,"featured_media":0,"parent":0,"menu_order":0,"comment_status":"closed","ping_status":"closed","template":"","meta":{"footnotes":""},"class_list":["post-271","page","type-page","status-publish","hentry"],"_links":{"self":[{"href":"https:\/\/curalivre.com.br\/index.php?rest_route=\/wp\/v2\/pages\/271","targetHints":{"allow":["GET"]}}],"collection":[{"href":"https:\/\/curalivre.com.br\/index.php?rest_route=\/wp\/v2\/pages"}],"about":[{"href":"https:\/\/curalivre.com.br\/index.php?rest_route=\/wp\/v2\/types\/page"}],"author":[{"embeddable":true,"href":"https:\/\/curalivre.com.br\/index.php?rest_route=\/wp\/v2\/users\/1"}],"replies":[{"embeddable":true,"href":"https:\/\/curalivre.com.br\/index.php?rest_route=%2Fwp%2Fv2%2Fcomments&post=271"}],"version-history":[{"count":10,"href":"https:\/\/curalivre.com.br\/index.php?rest_route=\/wp\/v2\/pages\/271\/revisions"}],"predecessor-version":[{"id":387,"href":"https:\/\/curalivre.com.br\/index.php?rest_route=\/wp\/v2\/pages\/271\/revisions\/387"}],"wp:attachment":[{"href":"https:\/\/curalivre.com.br\/index.php?rest_route=%2Fwp%2Fv2%2Fmedia&parent=271"}],"curies":[{"name":"wp","href":"https:\/\/api.w.org\/{rel}","templated":true}]}}